{"id":2858,"date":"2021-05-19T12:37:42","date_gmt":"2021-05-19T12:37:42","guid":{"rendered":"https:\/\/space.weplan.global\/politica-de-privacidad\/"},"modified":"2021-05-19T12:37:42","modified_gmt":"2021-05-19T12:37:42","slug":"politica-de-privacidad","status":"publish","type":"page","link":"https:\/\/space.weplan.global\/en\/politica-de-privacidad\/","title":{"rendered":"Pol\u00edtica de privacidad"},"content":{"rendered":"<h2>\u00bfQui\u00e9n es el responsable de tratamiento de sus datos?<\/h2>\n<p>www.weplan.global\/real_estate_marketing.com es un dominio en internet utilizado por DNARB AGENCY, S.L., para la promoci\u00f3n y comercializaci\u00f3n de sus productos, S.L. siendo esta sociedad la responsable del tratamiento de los datos, con domicilio social en Calle Cadarso N\u00ba 8, 28008 Madrid, tel\u00e9fono +34 603 36 23 30- 615 96 96 98, correo electr\u00f3nico hello@weplan.global y titular de CIF B-87943858. Inscrita en el Registro Mercantil de Madrid el d\u00eda 26 de octubre de 2017, n\u00famero 2017\/3483 de protocolo, asiento 207 del Diario 90, inscripci\u00f3n 1\u00aa de la hoja M-655393, al folio 91 del tomo 36481 del archivo.<br \/>\nA efectos de este documento el correo electr\u00f3nico de contacto es hello@weplan.global.<\/p>\n<h2>\u00bfQu\u00e9 tipo de datos tenemos sobre su persona y c\u00f3mo los hemos obtenido?<\/h2>\n<p>Las categor\u00edas de datos personales que DNARB AGENCY, S.L. trata sobre sus clientes y proveedores son:<br \/>\nLos datos identificativos, sus direcciones postales o electr\u00f3nicas, Informaci\u00f3n comercial y datos econ\u00f3micos y de transacciones, datos profesionales y datos de cumplimiento normativo de PBCyF.<br \/>\nTodos los datos indicados han sido obtenidos o directamente de Usted mediante el env\u00edo de un formulario de contacto o a trav\u00e9s de la presentaci\u00f3n de una oferta comercial, propuesta contractual, o mediante su empresa al facilitarnos los datos de identificaci\u00f3n y dem\u00e1s informaci\u00f3n necesaria para llevar al cabo el objeto de la relaci\u00f3n contractual correspondiente entre las partes. Ser\u00e1 una obligaci\u00f3n suya o de su empresa facilitarnos los datos actualizados en caso de modificaci\u00f3n.<\/p>\n<h2>\u00bfCon qu\u00e9 finalidad tratamos sus datos?<\/h2>\n<p>DNARB AGENCY, S.L. tratamos los datos que nos facilitan las personas interesadas con el fin de gestionar distintas actividades relacionadas con ventas, servicios post venta, gesti\u00f3n de proveedores, Calidad de servicios, etc. De esta manera, utilizaremos sus datos para llevar al cabo algunas de las siguientes acciones:<\/p>\n<p>Env\u00edo de la informaci\u00f3n que nos soliciten mediante el formulario de contacto de nuestra p\u00e1gina web o cualquier otro medio de contacto con nuestra empresa, proporcionar tanto a los clientes potenciales como a nuestros clientes, ofertas de productos y servicios de su inter\u00e9s, llevar a cabo la gesti\u00f3n administrativa, fiscal y contable de nuestros clientes y\/o proveedores, realizar las gestiones necesarias para el cumplimiento de las obligaciones de prevenci\u00f3n de Blanqueo de Capitales y Financiaci\u00f3n del Terrorismo, llevar a cabo la gesti\u00f3n de los derechos de los interesados en materia de protecci\u00f3n de datos gestiones relativas a la contrataci\u00f3n con clientes y gesti\u00f3n de relaciones, publicidad y marketing con clientes y clientes potenciales.<br \/>\nNo vamos a elaborar perfiles comerciales en base de la informaci\u00f3n facilitada y en consecuencia tampoco tomaremos decisiones automatizadas sobre usted en base a un perfil comercial.<\/p>\n<h2>\u00bfCu\u00e1nto tiempo conservaremos sus datos?<\/h2>\n<p>Los datos personales relativos a personas f\u00edsicas vinculadas a clientes potenciales, clientes y proveedores que DNARB AGENCY, S.L. recopile mediante los distintos formularios de contacto y\/o recogida de informaci\u00f3n se conservar\u00e1n mientras no se solicite su supresi\u00f3n por el interesado. Los datos proporcionados por nuestros clientes y proveedores se conservar\u00e1n mientras se mantenga la relaci\u00f3n mercantil entre las partes respetando en cualquier caso los plazos m\u00ednimos legales de conservaci\u00f3n seg\u00fan la materia.<br \/>\nEn cualquier caso, DNARB AGENCY, S.L. guardar\u00e1 sus datos personales durante el per\u00edodo de tiempo que sea razonablemente necesario teniendo en cuenta nuestras necesidades de dar respuesta a cuestiones que se planteen o resolver problemas, realizar mejoras, activar nuevos servicios y cumplir los requisitos que exija la legislaci\u00f3n aplicable. Esto significa que podemos conservar tus datos personales durante un per\u00edodo de tiempo razonable incluso despu\u00e9s de que hayas dejado de usar nuestros productos o de que hayas dejado de usar esta p\u00e1gina web. Despu\u00e9s de este per\u00edodo, tus datos personales ser\u00e1n eliminados de todos los sistemas de Weplan Global.<\/p>\n<h2>\u00bfCu\u00e1l es la base de legitimaci\u00f3n para el tratamiento de sus datos?<\/h2>\n<p>Seg\u00fan tipo de tratamiento de datos le resumimos en continuaci\u00f3n la base de legitimaci\u00f3n de dicho tratamiento.<br \/>\nCuando el tratamiento de datos se refiere a gesti\u00f3n contable, gesti\u00f3n de facturaci\u00f3n con clientes y\/o proveedores la base de legitimaci\u00f3n es el mantenimiento, desarrollo y control de la relaci\u00f3n contractual entre las partes.<\/p>\n<p>Cuando el tratamiento de datos se refiere a gesti\u00f3n fiscal, como puede ser la aplicaci\u00f3n de retenciones, bonificaciones, etc. La base de la legitimaci\u00f3n es el mantenimiento, desarrollo y control de la relaci\u00f3n contractual entre las partes; y el cumplimiento obligaciones legales.<br \/>\nCuando el tratamiento de datos se refiere a gestiones administrativas, tales como, gesti\u00f3n de log\u00edstica, almac\u00e9n, entregas al cliente, recepci\u00f3n de mercanc\u00edas, etc. La base de legitimaci\u00f3n es el mantenimiento, desarrollo y control de la relaci\u00f3n contractual entre las partes.<\/p>\n<p>Cuando el tratamiento de datos se refiere a marketing, se realizan acciones comerciales sobre nuestros productos o servicios dirigidas a nuestros clientes o aquellas personas que nos han solicitado informaci\u00f3n relativa en el pasado incluyendo la realizaci\u00f3n de encuestas de satisfacci\u00f3n a nuestros clientes. En estos casos la base de legitimaci\u00f3n son el consentimiento libre e inequ\u00edvoco del propio interesado (clientes potenciales), le hacemos constar que la retirada de este consentimiento en ning\u00fan caso puede condicionar la ejecuci\u00f3n del contrato que hubiera entre las partes; y el inter\u00e9s leg\u00edtimo de la compa\u00f1\u00eda sobre la promoci\u00f3n y comercializaci\u00f3n de productos o servicios similares a los obtenidos o solicitados por las personas interesadas en el pasado.<\/p>\n<p>Cuando el tratamiento de datos se refiere a la gesti\u00f3n de la prevenci\u00f3n de Blanqueo de Capitales y Financiaci\u00f3n del Terrorismo, la base de la legitimaci\u00f3n son el consentimiento libre e inequ\u00edvoco del propio interesado y la obligaci\u00f3n legal conforme a la legislaci\u00f3n vigente en materia de PBCyFT.<\/p>\n<p>Cuando el tratamiento de datos se refiere a la gesti\u00f3n de los derechos de los interesados en materia de protecci\u00f3n de datos la base de legitimaci\u00f3n es la obligaci\u00f3n legal conforme a la legislaci\u00f3n vigente en materia de protecci\u00f3n de datos.<\/p>\n<p>Cuando el tratamiento de datos se refiere a la contrataci\u00f3n con clientes la base de legitimaci\u00f3n es la de la elaboraci\u00f3n del contrato privado de compraventa y posterior escritura que vincular\u00e1 a ambas partes.<\/p>\n<p>Cuando el tratamiento de datos se refiere a la gesti\u00f3n de relaciones, publicidad y marketing por parte de los encargados del tratamiento de datos con clientes y clientes potenciales, la base de legitimaci\u00f3n son el inter\u00e9s leg\u00edtimo del encargado del tratamiento y el consentimiento expreso del interesado.<\/p>\n<p>En cuanto, a la base de legitimaci\u00f3n referenciada Usted se encuentra obligado a facilitar los datos personales, en el supuesto de que no facilite sus datos de car\u00e1cter personal no se podr\u00e1 ejecutar su contrato, cumplir las obligaciones legales o derivadas de los poderes p\u00fablicos.<\/p>\n<h2>\u00bf\u00c1 que destinatarios se comunicar\u00e1n sus datos?<\/h2>\n<p>DNARB AGENCY, S.L. como responsable del tratamiento de datos, comunicar\u00e1 a terceros con los que ha firmado contratos de proveedor de servicios estos datos proporcionados, dichos terceros que realizaran tratamientos como encargados de tratamiento, realizaran su funci\u00f3n de forma regulada en los contratos firmados con DNARB AGENCY, S.L. donde constar\u00e1 por escrito que el encargado del tratamiento, \u00fanicamente tratar\u00e1 los datos conforme a las instrucciones dadas por el responsable del tratamiento, que no los aplicar\u00e1 o utilizar\u00e1 con fin distinto al que figure en dicho contrato, ni los comunicar\u00e1, ni siquiera para su conservaci\u00f3n, a otras personas. Nunca compartir\u00e1 los datos personales con ninguna empresa tercera que pretenda utilizarlos en sus acciones de marketing directo, excepto en el caso de que nos haya autorizado expresamente a ello.<\/p>\n<p>Le informamos que podemos facilitar sus datos personales a organismos de la Administraci\u00f3n P\u00fablica y Autoridades competentes en aquellos casos que DNARB AGENCY, S.L. reciba un requerimiento legal por parte de dichas Autoridades o en los casos en que actuando de buena fe, consideramos que tal acci\u00f3n es razonablemente necesaria para cumplir con un proceso judicial; para contestar cualquier reclamaci\u00f3n o demanda jur\u00eddica; o para proteger los derechos de DNARB AGENCY, S.L. o sus clientes y el p\u00fablico en general.<\/p>\n<p>As\u00ed mismo, sus datos pueden ser comunicados al SEPBLAC o a la Administraci\u00f3n P\u00fablica por obligaci\u00f3n legal conforme a la normativa vigente en materia de Prevenci\u00f3n de Blanqueo de Capitales y Financiaci\u00f3n del Terrorismo.<\/p>\n<p>No se realizar\u00e1n transferencias internacionales de datos.<\/p>\n<p>DNARB AGENCY, S.L. puede proporcionar sus datos personales a terceras personas (Ej. proveedores de servicios de Internet que nos ayudan a administrar nuestra p\u00e1gina web o llevar a cabo los servicios contratados, empresas de soporte y mantenimiento inform\u00e1tico, empresas de log\u00edstica, gestor\u00edas y asesoramiento fiscal y contable, etc.). En cualquier caso, estas terceras personas deben mantener, en todo momento, los mismos niveles de seguridad que DNARB AGENCY, S.L. en relaci\u00f3n a sus datos personales y, cuando sea necesario, estar\u00e1n vinculadas por compromisos legales a fin de guardar sus datos personales de forma privada y segura, y a fin de utilizar \u00fanicamente la informaci\u00f3n siguiendo instrucciones espec\u00edficas de DNARB AGENCY, S.L.<\/p>\n<h2>Medidas de Seguridad<\/h2>\n<p>Los datos personales comunicados por el usuario a DNARB AGENCY, S.L. pueden ser almacenados en bases de datos automatizadas o no, cuya titularidad le corresponde en exclusiva, asumiendo \u00e9sta todas las medidas de \u00edndole t\u00e9cnica, organizativa y de seguridad que garantizan la confidencialidad, integridad y calidad de la informaci\u00f3n contenida en las mismas de acuerdo con lo establecido en la normativa vigente en protecci\u00f3n de datos.<\/p>\n<h2>Tratamiento de datos de menores<\/h2>\n<p>Para el tratamiento de datos de menores de 14 a\u00f1os dicha recogida de datos se realizar\u00e1 siempre bajo el expreso consentimiento de los padres o tutores legales.<\/p>\n<h2>Modificaciones de nuestra Pol\u00edtica de Protecci\u00f3n de Datos y de Privacidad<\/h2>\n<p>Ocasionalmente, DNARB AGENCY, S.L. podr\u00e1 realizar modificaciones y correcciones en este apartado de Pol\u00edtica de Protecci\u00f3n de Datos para Usuarios, clientes y proveedores. Por favor, verifique este apartado regularmente para consultar los cambios que puedan haber existido y de qu\u00e9 manera le pueden afectar.<\/p>\n<h2>\u00bfPor qu\u00e9 es necesario aceptar est\u00e1 Pol\u00edtica de Protecci\u00f3n de Datos y de Privacidad?<\/h2>\n<p>Con el env\u00edo deliberado de sus datos personales mediante nuestros medios de contacto y\/o con el inicio de la relaci\u00f3n mercantil con nuestra empresa consideramos que reconoce y acepta el tratamiento de tus datos personales tal y como se describe en la presente pol\u00edtica. Esta informaci\u00f3n personal solamente se usar\u00e1 para los fines para los cuales nos la has facilitado o determinadas normativas nacionales o regionales nos habilitan hacerlo.<br \/>\nEn cualquier caso, debemos advertirle que una negativa por su parte para facilitarnos determinados datos solicitados podr\u00eda obstaculizar el desarrollo de la relaci\u00f3n contractual entre las partes con posibles consecuencias serias al momento de prestar las diversas prestaciones contempladas dentro del contrato mercantil celebrado con la parte contratante.<\/p>\n<p>Si tienes cualquier pregunta en relaci\u00f3n a este apartado de Pol\u00edtica de Protecci\u00f3n de Datos para los Clientes Potenciales, Clientes y Proveedores de DNARB AGENCY, S.L., por favor, p\u00f3ngase en contacto con la empresa usando la direcci\u00f3n de correo electr\u00f3nico facilitada y estaremos encantados de atenderte y dar respuesta a las cuestiones adicionales que nos quieras plantear.<\/p>\n<h2>Legislaci\u00f3n aplicable<\/h2>\n<p>Las presentes Condiciones se regir\u00e1n en todo momento por lo dispuesto en la legislaci\u00f3n espa\u00f1ola y europea en materia de protecci\u00f3n de datos de car\u00e1cter personal y de privacidad.<\/p>\n","protected":false},"excerpt":{"rendered":"<p>\u00bfQui\u00e9n es el responsable de tratamiento de sus datos? www.weplan.global\/real_estate_marketing.com es un dominio en internet utilizado por DNARB AGENCY, S.L., para la promoci\u00f3n y comercializaci\u00f3n de sus productos, S.L. siendo esta sociedad la responsable del tratamiento de los datos, con domicilio social en Calle Cadarso N\u00ba 8, 28008 Madrid, tel\u00e9fono +34 603 36 23 30- [&hellip;]<\/p>\n","protected":false},"author":1,"featured_media":2128,"parent":0,"menu_order":0,"comment_status":"closed","ping_status":"open","template":"templates\/page-legal.php","meta":{"footnotes":""},"class_list":["post-2858","page","type-page","status-publish","has-post-thumbnail","hentry"],"acf":[],"yoast_head":"<!-- This site is optimized with the Yoast SEO plugin v20.4 - https:\/\/yoast.com\/wordpress\/plugins\/seo\/ -->\n<title>Pol\u00edtica de privacidad - Weplan Space<\/title>\n<meta name=\"robots\" content=\"noindex, nofollow\" \/>\n<meta property=\"og:locale\" content=\"en_US\" \/>\n<meta property=\"og:type\" content=\"article\" \/>\n<meta property=\"og:title\" content=\"Pol\u00edtica de privacidad - Weplan Space\" \/>\n<meta property=\"og:description\" content=\"\u00bfQui\u00e9n es el responsable de tratamiento de sus datos? www.weplan.global\/real_estate_marketing.com es un dominio en internet utilizado por DNARB AGENCY, S.L., para la promoci\u00f3n y comercializaci\u00f3n de sus productos, S.L. siendo esta sociedad la responsable del tratamiento de los datos, con domicilio social en Calle Cadarso N\u00ba 8, 28008 Madrid, tel\u00e9fono +34 603 36 23 30- [&hellip;]\" \/>\n<meta property=\"og:url\" content=\"https:\/\/space.weplan.global\/en\/politica-de-privacidad\/\" \/>\n<meta property=\"og:site_name\" content=\"Weplan Space\" \/>\n<meta property=\"article:publisher\" content=\"https:\/\/www.facebook.com\/weplan.global\" \/>\n<meta property=\"og:image\" content=\"https:\/\/space.weplan.global\/wp-content\/uploads\/2022\/04\/200_CAM_EXT_01_V07.jpg\" \/>\n\t<meta property=\"og:image:width\" content=\"1606\" \/>\n\t<meta property=\"og:image:height\" content=\"900\" \/>\n\t<meta property=\"og:image:type\" content=\"image\/jpeg\" \/>\n<meta name=\"twitter:card\" content=\"summary_large_image\" \/>\n<meta name=\"twitter:label1\" content=\"Est. reading time\" \/>\n\t<meta name=\"twitter:data1\" content=\"10 minutes\" \/>\n<script type=\"application\/ld+json\" class=\"yoast-schema-graph\">{\"@context\":\"https:\/\/schema.org\",\"@graph\":[{\"@type\":\"WebPage\",\"@id\":\"https:\/\/space.weplan.global\/en\/politica-de-privacidad\/\",\"url\":\"https:\/\/space.weplan.global\/en\/politica-de-privacidad\/\",\"name\":\"Pol\u00edtica de privacidad - Weplan Space\",\"isPartOf\":{\"@id\":\"https:\/\/space.weplan.global\/en\/#website\"},\"datePublished\":\"2021-05-19T12:37:42+00:00\",\"dateModified\":\"2021-05-19T12:37:42+00:00\",\"breadcrumb\":{\"@id\":\"https:\/\/space.weplan.global\/en\/politica-de-privacidad\/#breadcrumb\"},\"inLanguage\":\"en-US\",\"potentialAction\":[{\"@type\":\"ReadAction\",\"target\":[\"https:\/\/space.weplan.global\/en\/politica-de-privacidad\/\"]}]},{\"@type\":\"BreadcrumbList\",\"@id\":\"https:\/\/space.weplan.global\/en\/politica-de-privacidad\/#breadcrumb\",\"itemListElement\":[{\"@type\":\"ListItem\",\"position\":1,\"name\":\"Portada\",\"item\":\"https:\/\/space.weplan.global\/en\/home\/\"},{\"@type\":\"ListItem\",\"position\":2,\"name\":\"Pol\u00edtica de privacidad\"}]},{\"@type\":\"WebSite\",\"@id\":\"https:\/\/space.weplan.global\/en\/#website\",\"url\":\"https:\/\/space.weplan.global\/en\/\",\"name\":\"Weplan Space\",\"description\":\"Coworking Madrid\",\"publisher\":{\"@id\":\"https:\/\/space.weplan.global\/en\/#organization\"},\"potentialAction\":[{\"@type\":\"SearchAction\",\"target\":{\"@type\":\"EntryPoint\",\"urlTemplate\":\"https:\/\/space.weplan.global\/en\/?s={search_term_string}\"},\"query-input\":\"required name=search_term_string\"}],\"inLanguage\":\"en-US\"},{\"@type\":\"Organization\",\"@id\":\"https:\/\/space.weplan.global\/en\/#organization\",\"name\":\"WePlan - Real Estate Marketing\",\"url\":\"https:\/\/space.weplan.global\/en\/\",\"logo\":{\"@type\":\"ImageObject\",\"inLanguage\":\"en-US\",\"@id\":\"https:\/\/space.weplan.global\/en\/#\/schema\/logo\/image\/\",\"url\":\"https:\/\/space.weplan.global\/wp-content\/uploads\/2022\/05\/Grupo-27938.png\",\"contentUrl\":\"https:\/\/space.weplan.global\/wp-content\/uploads\/2022\/05\/Grupo-27938.png\",\"width\":489,\"height\":138,\"caption\":\"WePlan - Real Estate Marketing\"},\"image\":{\"@id\":\"https:\/\/space.weplan.global\/en\/#\/schema\/logo\/image\/\"},\"sameAs\":[\"https:\/\/www.facebook.com\/weplan.global\",\"https:\/\/www.instagram.com\/weplan.global\/\"]}]}<\/script>\n<!-- \/ Yoast SEO plugin. -->","yoast_head_json":{"title":"Pol\u00edtica de privacidad - Weplan Space","robots":{"index":"noindex","follow":"nofollow"},"og_locale":"en_US","og_type":"article","og_title":"Pol\u00edtica de privacidad - Weplan Space","og_description":"\u00bfQui\u00e9n es el responsable de tratamiento de sus datos? www.weplan.global\/real_estate_marketing.com es un dominio en internet utilizado por DNARB AGENCY, S.L., para la promoci\u00f3n y comercializaci\u00f3n de sus productos, S.L. siendo esta sociedad la responsable del tratamiento de los datos, con domicilio social en Calle Cadarso N\u00ba 8, 28008 Madrid, tel\u00e9fono +34 603 36 23 30- [&hellip;]","og_url":"https:\/\/space.weplan.global\/en\/politica-de-privacidad\/","og_site_name":"Weplan Space","article_publisher":"https:\/\/www.facebook.com\/weplan.global","og_image":[{"width":1606,"height":900,"url":"https:\/\/space.weplan.global\/wp-content\/uploads\/2022\/04\/200_CAM_EXT_01_V07.jpg","type":"image\/jpeg"}],"twitter_card":"summary_large_image","twitter_misc":{"Est. reading time":"10 minutes"},"schema":{"@context":"https:\/\/schema.org","@graph":[{"@type":"WebPage","@id":"https:\/\/space.weplan.global\/en\/politica-de-privacidad\/","url":"https:\/\/space.weplan.global\/en\/politica-de-privacidad\/","name":"Pol\u00edtica de privacidad - Weplan Space","isPartOf":{"@id":"https:\/\/space.weplan.global\/en\/#website"},"datePublished":"2021-05-19T12:37:42+00:00","dateModified":"2021-05-19T12:37:42+00:00","breadcrumb":{"@id":"https:\/\/space.weplan.global\/en\/politica-de-privacidad\/#breadcrumb"},"inLanguage":"en-US","potentialAction":[{"@type":"ReadAction","target":["https:\/\/space.weplan.global\/en\/politica-de-privacidad\/"]}]},{"@type":"BreadcrumbList","@id":"https:\/\/space.weplan.global\/en\/politica-de-privacidad\/#breadcrumb","itemListElement":[{"@type":"ListItem","position":1,"name":"Portada","item":"https:\/\/space.weplan.global\/en\/home\/"},{"@type":"ListItem","position":2,"name":"Pol\u00edtica de privacidad"}]},{"@type":"WebSite","@id":"https:\/\/space.weplan.global\/en\/#website","url":"https:\/\/space.weplan.global\/en\/","name":"Weplan Space","description":"Coworking Madrid","publisher":{"@id":"https:\/\/space.weplan.global\/en\/#organization"},"potentialAction":[{"@type":"SearchAction","target":{"@type":"EntryPoint","urlTemplate":"https:\/\/space.weplan.global\/en\/?s={search_term_string}"},"query-input":"required name=search_term_string"}],"inLanguage":"en-US"},{"@type":"Organization","@id":"https:\/\/space.weplan.global\/en\/#organization","name":"WePlan - Real Estate Marketing","url":"https:\/\/space.weplan.global\/en\/","logo":{"@type":"ImageObject","inLanguage":"en-US","@id":"https:\/\/space.weplan.global\/en\/#\/schema\/logo\/image\/","url":"https:\/\/space.weplan.global\/wp-content\/uploads\/2022\/05\/Grupo-27938.png","contentUrl":"https:\/\/space.weplan.global\/wp-content\/uploads\/2022\/05\/Grupo-27938.png","width":489,"height":138,"caption":"WePlan - Real Estate Marketing"},"image":{"@id":"https:\/\/space.weplan.global\/en\/#\/schema\/logo\/image\/"},"sameAs":["https:\/\/www.facebook.com\/weplan.global","https:\/\/www.instagram.com\/weplan.global\/"]}]}},"_links":{"self":[{"href":"https:\/\/space.weplan.global\/en\/wp-json\/wp\/v2\/pages\/2858","targetHints":{"allow":["GET"]}}],"collection":[{"href":"https:\/\/space.weplan.global\/en\/wp-json\/wp\/v2\/pages"}],"about":[{"href":"https:\/\/space.weplan.global\/en\/wp-json\/wp\/v2\/types\/page"}],"author":[{"embeddable":true,"href":"https:\/\/space.weplan.global\/en\/wp-json\/wp\/v2\/users\/1"}],"replies":[{"embeddable":true,"href":"https:\/\/space.weplan.global\/en\/wp-json\/wp\/v2\/comments?post=2858"}],"version-history":[{"count":0,"href":"https:\/\/space.weplan.global\/en\/wp-json\/wp\/v2\/pages\/2858\/revisions"}],"wp:featuredmedia":[{"embeddable":true,"href":"https:\/\/space.weplan.global\/en\/wp-json\/wp\/v2\/media\/2128"}],"wp:attachment":[{"href":"https:\/\/space.weplan.global\/en\/wp-json\/wp\/v2\/media?parent=2858"}],"curies":[{"name":"wp","href":"https:\/\/api.w.org\/{rel}","templated":true}]}}