{"id":2857,"date":"2022-04-26T05:22:34","date_gmt":"2022-04-26T05:22:34","guid":{"rendered":"https:\/\/space.weplan.global\/cookie-policy\/"},"modified":"2022-04-26T05:22:34","modified_gmt":"2022-04-26T05:22:34","slug":"cookie-policy","status":"publish","type":"page","link":"https:\/\/space.weplan.global\/en\/cookie-policy\/","title":{"rendered":"Cookie Policy"},"content":{"rendered":"<p>En esta web recopilo y utilizo la informaci\u00f3n seg\u00fan indico en mi pol\u00edtica de privacidad. Una de las formas en las que recopil\u00f3 informaci\u00f3n es a trav\u00e9s del uso de la tecnolog\u00eda llamada \u201ccookies\u201d. En www.weplan.global\/real_estate_marketing.com, se utilizan cookies para varias cosas.<\/p>\n<h2>\u00bfQu\u00e9 es una cookie?<\/h2>\n<p>Una \u201ccookie\u201d es una peque\u00f1a cantidad de texto que se almacena en tu navegador (como Chrome de Google o Safari de Apple) cuando navegas por la mayor\u00eda de los sitios web.<\/p>\n<h2>\u00bfQu\u00e9 NO es una cookie?<\/h2>\n<p>No es un virus, ni un troyano, ni un gusano, ni spam, ni spyware, ni abre ventanas pop-up.<\/p>\n<h2>\u00bfQu\u00e9 informaci\u00f3n almacena una cookie?<\/h2>\n<p>Las cookies no suelen almacenar informaci\u00f3n sensible sobre usted, como tarjetas de cr\u00e9dito o datos bancarios, fotograf\u00edas o informaci\u00f3n personal, etc. Los datos que guardan son de car\u00e1cter t\u00e9cnico, estad\u00edsticos, preferencias personales, personalizaci\u00f3n de contenidos, etc.<br \/>\nEl servidor web no le asocia a usted como persona sino a su navegador web. De hecho, si usted navega habitualmente con el navegador Chrome y prueba a navegar por la misma web con el navegador Firefox, ver\u00e1 que la web no se da cuenta que es usted la misma persona porque en realidad est\u00e1 asociando la informaci\u00f3n al navegador, no a la persona.<\/p>\n<h2>\u00bfQu\u00e9 tipo de cookies existen?<\/h2>\n<p>Cookies t\u00e9cnicas: son las m\u00e1s elementales y permiten, entre otras cosas, saber cu\u00e1ndo est\u00e1 navegando un humano o una aplicaci\u00f3n automatizada, cu\u00e1ndo navega un usuario an\u00f3nimo y uno registrado, tareas b\u00e1sicas para el funcionamiento de cualquier web din\u00e1mica.<br \/>\nCookies de an\u00e1lisis: Recogen informaci\u00f3n sobre el tipo de navegaci\u00f3n que est\u00e1 realizando, las secciones que m\u00e1s utiliza, productos consultados, franja horaria de uso, idioma, etc.<br \/>\nCookies publicitarias: Muestran publicidad en funci\u00f3n de su navegaci\u00f3n, su pa\u00eds de procedencia, idioma, etc.<\/p>\n<h2>\u00bfQu\u00e9 son las cookies propias y las de terceros?<\/h2>\n<p>Las cookies propias son las generadas por la p\u00e1gina que est\u00e1 visitando y las de terceros son las generadas por servicios o proveedores externos como Mailchimp, Mailrelay, Facebook, Twitter, Google adsense, etc.<\/p>\n<h2>\u00bfQu\u00e9 cookies utiliza esta web?<\/h2>\n<p>Esta web utiliza cookies propias y de terceros. En este sitio web se utilizan las siguientes cookies que se detallan a continuaci\u00f3n:<\/p>\n<p>Cookies propias:<br \/>\nInicio de sesi\u00f3n: Las cookies para iniciar sesi\u00f3n te permiten entrar y salir de tu cuenta de DNARB AGENCY, S.L.<br \/>\nPersonalizaci\u00f3n: Las cookies me ayudan a recordar con qu\u00e9 personas o sitios web has interactuado, para que pueda mostrarte contenido relacionado.<br \/>\nPreferencias: Las cookies me permiten recordar tus ajustes y preferencias, como el idioma preferido y tu configuraci\u00f3n de privacidad.<br \/>\nSeguridad: Utilizo cookies para evitarte riesgos de seguridad. Principalmente para detectar cu\u00e1ndo alguien est\u00e1 intentando piratear tu cuenta de DNARB AGENCY, S.L.<br \/>\nCookies de terceros<\/p>\n<p>Esta web utiliza servicios de an\u00e1lisis, concretamente, Google Analytics para ayudar al website a analizar el uso que hacen los usuarios del sitio web y mejorar la usabilidad del mismo, pero en ning\u00fan caso se asocian a datos que pudieran llegar a identificar al usuario. Google Analytics, es un servicio anal\u00edtico de web prestado por Google, Inc., el usuario puede consultar aqu\u00ed el tipo de cookies utilizadas por Google.<\/p>\n<p>Weplan Global es usuario de la plataforma de suministro y alojamiento de blogs WordPress, propiedad de la empresa norteamericana Automattic, Inc. A tales efectos, los usos de tales cookies por los sistemas nunca est\u00e1n bajo control o gesti\u00f3n del responsable de la web, pueden cambiar su funci\u00f3n en cualquier momento, y entrar cookies nuevas. Estas cookies tampoco reportan al responsable de esta web beneficio alguno. Automattic, Inc., utiliza adem\u00e1s otras cookies con la finalidad de ayudar a identificar y rastrear a los visitantes de los sitios de WordPress, conocer el uso que hacen del sitio web de Automattic, as\u00ed como sus preferencias de acceso al mismo, tal y como se recoge en el apartado \u201cCookies\u201d de su pol\u00edtica de privacidad.<\/p>\n<p>Las cookies de redes sociales pueden almacenarse en su navegador mientras navega por www.weplan.global\/real_estate_marketing.com por ejemplo, cuando utiliza el bot\u00f3n de compartir contenidos de www.weplan.global\/real_estate_marketing.com en alguna red social.<\/p>\n<p>A continuaci\u00f3n, tienes informaci\u00f3n sobre las cookies de las redes sociales que utiliza esta web en sus propias pol\u00edticas de cookies:<\/p>\n<p>Cookies de Facebook, ver m\u00e1s informaci\u00f3n en su pol\u00edtica de cookies<br \/>\nCookies de Twitter, ver m\u00e1s informaci\u00f3n en su pol\u00edtica de cookies<br \/>\nCookies de Instagram, ver m\u00e1s informaci\u00f3n en su pol\u00edtica de cookies<br \/>\nCookies de Linkedin, ver m\u00e1s informaci\u00f3n en su pol\u00edtica de cookies<br \/>\nCookies de Youtube, ver m\u00e1s informaci\u00f3n en su pol\u00edtica de cookies<br \/>\nCookies de Pinterest, ver m\u00e1s informaci\u00f3n en su pol\u00edtica de cookies<br \/>\nLlevo a cabo acciones de remarketing mediante Google AdWords, que utiliza las cookies para ayudarme a ofrecer anuncios en l\u00ednea espec\u00edfico basado en visitas anteriores a mi sitio web. Google utiliza esta informaci\u00f3n para mostrar anuncios en varios sitios web de terceros a trav\u00e9s de Internet. Estas cookies est\u00e1n a punto de expirar y no contienen informaci\u00f3n que pueda identificarle personalmente. Por favor dir\u00edgete a la publicidad de Google Aviso de privacidad para obtener m\u00e1s informaci\u00f3n.<br \/>\nLlevo a cabo acciones de remarketing mediante Facebook ads, que utiliza las cookies para ayudarme a ofrecer anuncios en l\u00ednea espec\u00edfico basado en visitas anteriores a mi sitio web.<br \/>\nRealizo acciones de remarketing mediante Twitter ads, que utiliza las cookies para ayudarme a ofrecer anuncios en l\u00ednea espec\u00edfico basado en visitas anteriores a mi sitio web.<br \/>\nRealizo acciones de remarketing mediante Linkedin ads, que utiliza las cookies para ayudarme a ofrecer anuncios en l\u00ednea espec\u00edfico basado en visitas anteriores a mi sitio web.<br \/>\nEn Weplan Global gestiono las campa\u00f1as de publicidad mediante la herramienta DoubleClick que me permite recopilar toda la informaci\u00f3n sobre mi audiencia de manera centralizada. DoubleClick usa las cookies para mejorar la publicidad. Las cookies suelen usarse com\u00fanmente para orientar anuncios basados en contenido relevante para un usuario, mejorar los informes de rendimiento de la campa\u00f1a y evitar mostrar anuncios que el usuario ya haya visto.<\/p>\n<p>DoubleClick usa ID de cookies para tener un registro de qu\u00e9 anuncios se han mostrado en determinados navegadores. En el momento de publicar un anuncio en un navegador, puede usar el ID de cookie de dicho navegador para comprobar qu\u00e9 anuncios ya se han mostrado en ese navegador en concreto. As\u00ed es como se evita mostrar anuncios que el usuario ya ha visto. Del mismo modo, los ID de cookies permiten a DoubleClick registrar las conversiones relativas a las solicitudes de anuncios, como cuando un usuario ve un anuncio de DoubleClick y, m\u00e1s adelante, usa el mismo navegador para visitar el sitio web del anunciante y realizar una compra.<\/p>\n<p>Como usuario de Internet, en cualquier momento podr\u00e1s proceder al borrado de la informaci\u00f3n referente a tus h\u00e1bitos de navegaci\u00f3n, y el perfil relacionado que ha generado los referidos h\u00e1bitos, accediendo de forma directa y gratuita a: https:\/\/www.google.com\/settings\/ads\/preferences?hl=es. Si un usuario inhabilita esta funci\u00f3n, el ID de cookie \u00fanico de DoubleClick en el navegador del usuario se sobrescribe con la fase \u201cOPT_OUT\u201d. Debido a que ya no existe un ID de cookie \u00fanico, la cookie inhabilitada no se puede asociar con un determinado navegador<\/p>\n<h2>\u00bfSe pueden eliminar las cookies?<\/h2>\n<p>S\u00ed, y no s\u00f3lo eliminar, tambi\u00e9n bloquear, de forma general o particular.<br \/>\nPara eliminar las cookies de un sitio web debe ir a la configuraci\u00f3n de su navegador y all\u00ed podr\u00e1 buscar las asociadas a www.queens-lofts.com en cuesti\u00f3n y proceder a su eliminaci\u00f3n.<br \/>\nConfiguraci\u00f3n de cookies para Google Chrome<br \/>\nConfiguraci\u00f3n de cookies para Apple Safari<br \/>\nConfiguraci\u00f3n de cookies para Internet Explorer<br \/>\nConfiguraci\u00f3n de cookies para Mozilla Firefox<br \/>\nM\u00e1s informaci\u00f3n sobre las cookies<br \/>\nPuedes consultar el reglamento sobre cookies publicado por la Agencia Espa\u00f1ola de Protecci\u00f3n de Datos en su \u201cGu\u00eda sobre el uso de las cookies\u201d y obtener m\u00e1s informaci\u00f3n sobre las cookies en Internet, http:\/\/www.aboutcookies.org\/<br \/>\nSi desea tener un mayor control sobre la instalaci\u00f3n de cookies, puede instalar programas o complementos a su navegador, conocidos como herramientas de \u201cDo Not Tracks\u201d, que le permitir\u00e1n escoger aquellas cookies que desea permitir.<\/p>\n","protected":false},"excerpt":{"rendered":"<p>En esta web recopilo y utilizo la informaci\u00f3n seg\u00fan indico en mi pol\u00edtica de privacidad. Una de las formas en las que recopil\u00f3 informaci\u00f3n es a trav\u00e9s del uso de la tecnolog\u00eda llamada \u201ccookies\u201d. En www.weplan.global\/real_estate_marketing.com, se utilizan cookies para varias cosas. \u00bfQu\u00e9 es una cookie? Una \u201ccookie\u201d es una peque\u00f1a cantidad de texto que [&hellip;]<\/p>\n","protected":false},"author":1,"featured_media":2128,"parent":0,"menu_order":0,"comment_status":"closed","ping_status":"closed","template":"templates\/page-legal.php","meta":{"footnotes":""},"class_list":["post-2857","page","type-page","status-publish","has-post-thumbnail","hentry"],"acf":[],"yoast_head":"<!-- This site is optimized with the Yoast SEO plugin v20.4 - https:\/\/yoast.com\/wordpress\/plugins\/seo\/ -->\n<title>Cookie Policy - Weplan Space<\/title>\n<meta name=\"robots\" content=\"noindex, nofollow\" \/>\n<meta property=\"og:locale\" content=\"en_US\" \/>\n<meta property=\"og:type\" content=\"article\" \/>\n<meta property=\"og:title\" content=\"Cookie Policy - Weplan Space\" \/>\n<meta property=\"og:description\" content=\"En esta web recopilo y utilizo la informaci\u00f3n seg\u00fan indico en mi pol\u00edtica de privacidad. Una de las formas en las que recopil\u00f3 informaci\u00f3n es a trav\u00e9s del uso de la tecnolog\u00eda llamada \u201ccookies\u201d. En www.weplan.global\/real_estate_marketing.com, se utilizan cookies para varias cosas. \u00bfQu\u00e9 es una cookie? Una \u201ccookie\u201d es una peque\u00f1a cantidad de texto que [&hellip;]\" \/>\n<meta property=\"og:url\" content=\"https:\/\/space.weplan.global\/en\/cookie-policy\/\" \/>\n<meta property=\"og:site_name\" content=\"Weplan Space\" \/>\n<meta property=\"article:publisher\" content=\"https:\/\/www.facebook.com\/weplan.global\" \/>\n<meta property=\"og:image\" content=\"https:\/\/space.weplan.global\/wp-content\/uploads\/2022\/04\/200_CAM_EXT_01_V07.jpg\" \/>\n\t<meta property=\"og:image:width\" content=\"1606\" \/>\n\t<meta property=\"og:image:height\" content=\"900\" \/>\n\t<meta property=\"og:image:type\" content=\"image\/jpeg\" \/>\n<meta name=\"twitter:card\" content=\"summary_large_image\" \/>\n<meta name=\"twitter:label1\" content=\"Est. reading time\" \/>\n\t<meta name=\"twitter:data1\" content=\"7 minutes\" \/>\n<script type=\"application\/ld+json\" class=\"yoast-schema-graph\">{\"@context\":\"https:\/\/schema.org\",\"@graph\":[{\"@type\":\"WebPage\",\"@id\":\"https:\/\/space.weplan.global\/en\/cookie-policy\/\",\"url\":\"https:\/\/space.weplan.global\/en\/cookie-policy\/\",\"name\":\"Cookie Policy - Weplan Space\",\"isPartOf\":{\"@id\":\"https:\/\/space.weplan.global\/en\/#website\"},\"datePublished\":\"2022-04-26T05:22:34+00:00\",\"dateModified\":\"2022-04-26T05:22:34+00:00\",\"breadcrumb\":{\"@id\":\"https:\/\/space.weplan.global\/en\/cookie-policy\/#breadcrumb\"},\"inLanguage\":\"en-US\",\"potentialAction\":[{\"@type\":\"ReadAction\",\"target\":[\"https:\/\/space.weplan.global\/en\/cookie-policy\/\"]}]},{\"@type\":\"BreadcrumbList\",\"@id\":\"https:\/\/space.weplan.global\/en\/cookie-policy\/#breadcrumb\",\"itemListElement\":[{\"@type\":\"ListItem\",\"position\":1,\"name\":\"Portada\",\"item\":\"https:\/\/space.weplan.global\/en\/home\/\"},{\"@type\":\"ListItem\",\"position\":2,\"name\":\"Cookie Policy\"}]},{\"@type\":\"WebSite\",\"@id\":\"https:\/\/space.weplan.global\/en\/#website\",\"url\":\"https:\/\/space.weplan.global\/en\/\",\"name\":\"Weplan Space\",\"description\":\"Coworking Madrid\",\"publisher\":{\"@id\":\"https:\/\/space.weplan.global\/en\/#organization\"},\"potentialAction\":[{\"@type\":\"SearchAction\",\"target\":{\"@type\":\"EntryPoint\",\"urlTemplate\":\"https:\/\/space.weplan.global\/en\/?s={search_term_string}\"},\"query-input\":\"required name=search_term_string\"}],\"inLanguage\":\"en-US\"},{\"@type\":\"Organization\",\"@id\":\"https:\/\/space.weplan.global\/en\/#organization\",\"name\":\"WePlan - Real Estate Marketing\",\"url\":\"https:\/\/space.weplan.global\/en\/\",\"logo\":{\"@type\":\"ImageObject\",\"inLanguage\":\"en-US\",\"@id\":\"https:\/\/space.weplan.global\/en\/#\/schema\/logo\/image\/\",\"url\":\"https:\/\/space.weplan.global\/wp-content\/uploads\/2022\/05\/Grupo-27938.png\",\"contentUrl\":\"https:\/\/space.weplan.global\/wp-content\/uploads\/2022\/05\/Grupo-27938.png\",\"width\":489,\"height\":138,\"caption\":\"WePlan - Real Estate Marketing\"},\"image\":{\"@id\":\"https:\/\/space.weplan.global\/en\/#\/schema\/logo\/image\/\"},\"sameAs\":[\"https:\/\/www.facebook.com\/weplan.global\",\"https:\/\/www.instagram.com\/weplan.global\/\"]}]}<\/script>\n<!-- \/ Yoast SEO plugin. -->","yoast_head_json":{"title":"Cookie Policy - Weplan Space","robots":{"index":"noindex","follow":"nofollow"},"og_locale":"en_US","og_type":"article","og_title":"Cookie Policy - Weplan Space","og_description":"En esta web recopilo y utilizo la informaci\u00f3n seg\u00fan indico en mi pol\u00edtica de privacidad. Una de las formas en las que recopil\u00f3 informaci\u00f3n es a trav\u00e9s del uso de la tecnolog\u00eda llamada \u201ccookies\u201d. En www.weplan.global\/real_estate_marketing.com, se utilizan cookies para varias cosas. \u00bfQu\u00e9 es una cookie? Una \u201ccookie\u201d es una peque\u00f1a cantidad de texto que [&hellip;]","og_url":"https:\/\/space.weplan.global\/en\/cookie-policy\/","og_site_name":"Weplan Space","article_publisher":"https:\/\/www.facebook.com\/weplan.global","og_image":[{"width":1606,"height":900,"url":"https:\/\/space.weplan.global\/wp-content\/uploads\/2022\/04\/200_CAM_EXT_01_V07.jpg","type":"image\/jpeg"}],"twitter_card":"summary_large_image","twitter_misc":{"Est. reading time":"7 minutes"},"schema":{"@context":"https:\/\/schema.org","@graph":[{"@type":"WebPage","@id":"https:\/\/space.weplan.global\/en\/cookie-policy\/","url":"https:\/\/space.weplan.global\/en\/cookie-policy\/","name":"Cookie Policy - Weplan Space","isPartOf":{"@id":"https:\/\/space.weplan.global\/en\/#website"},"datePublished":"2022-04-26T05:22:34+00:00","dateModified":"2022-04-26T05:22:34+00:00","breadcrumb":{"@id":"https:\/\/space.weplan.global\/en\/cookie-policy\/#breadcrumb"},"inLanguage":"en-US","potentialAction":[{"@type":"ReadAction","target":["https:\/\/space.weplan.global\/en\/cookie-policy\/"]}]},{"@type":"BreadcrumbList","@id":"https:\/\/space.weplan.global\/en\/cookie-policy\/#breadcrumb","itemListElement":[{"@type":"ListItem","position":1,"name":"Portada","item":"https:\/\/space.weplan.global\/en\/home\/"},{"@type":"ListItem","position":2,"name":"Cookie Policy"}]},{"@type":"WebSite","@id":"https:\/\/space.weplan.global\/en\/#website","url":"https:\/\/space.weplan.global\/en\/","name":"Weplan Space","description":"Coworking Madrid","publisher":{"@id":"https:\/\/space.weplan.global\/en\/#organization"},"potentialAction":[{"@type":"SearchAction","target":{"@type":"EntryPoint","urlTemplate":"https:\/\/space.weplan.global\/en\/?s={search_term_string}"},"query-input":"required name=search_term_string"}],"inLanguage":"en-US"},{"@type":"Organization","@id":"https:\/\/space.weplan.global\/en\/#organization","name":"WePlan - Real Estate Marketing","url":"https:\/\/space.weplan.global\/en\/","logo":{"@type":"ImageObject","inLanguage":"en-US","@id":"https:\/\/space.weplan.global\/en\/#\/schema\/logo\/image\/","url":"https:\/\/space.weplan.global\/wp-content\/uploads\/2022\/05\/Grupo-27938.png","contentUrl":"https:\/\/space.weplan.global\/wp-content\/uploads\/2022\/05\/Grupo-27938.png","width":489,"height":138,"caption":"WePlan - Real Estate Marketing"},"image":{"@id":"https:\/\/space.weplan.global\/en\/#\/schema\/logo\/image\/"},"sameAs":["https:\/\/www.facebook.com\/weplan.global","https:\/\/www.instagram.com\/weplan.global\/"]}]}},"_links":{"self":[{"href":"https:\/\/space.weplan.global\/en\/wp-json\/wp\/v2\/pages\/2857","targetHints":{"allow":["GET"]}}],"collection":[{"href":"https:\/\/space.weplan.global\/en\/wp-json\/wp\/v2\/pages"}],"about":[{"href":"https:\/\/space.weplan.global\/en\/wp-json\/wp\/v2\/types\/page"}],"author":[{"embeddable":true,"href":"https:\/\/space.weplan.global\/en\/wp-json\/wp\/v2\/users\/1"}],"replies":[{"embeddable":true,"href":"https:\/\/space.weplan.global\/en\/wp-json\/wp\/v2\/comments?post=2857"}],"version-history":[{"count":0,"href":"https:\/\/space.weplan.global\/en\/wp-json\/wp\/v2\/pages\/2857\/revisions"}],"wp:featuredmedia":[{"embeddable":true,"href":"https:\/\/space.weplan.global\/en\/wp-json\/wp\/v2\/media\/2128"}],"wp:attachment":[{"href":"https:\/\/space.weplan.global\/en\/wp-json\/wp\/v2\/media?parent=2857"}],"curies":[{"name":"wp","href":"https:\/\/api.w.org\/{rel}","templated":true}]}}