{"id":2856,"date":"2022-04-28T22:40:13","date_gmt":"2022-04-28T22:40:13","guid":{"rendered":"https:\/\/space.weplan.global\/legal-advice\/"},"modified":"2022-04-28T22:40:13","modified_gmt":"2022-04-28T22:40:13","slug":"legal-advice","status":"publish","type":"page","link":"https:\/\/space.weplan.global\/en\/legal-advice\/","title":{"rendered":"Legal Advice"},"content":{"rendered":"<p>En virtud del cumplimiento de la Ley 34\/2002, de 11 de Julio, de Servicios de la Sociedad de la Informaci\u00f3n y de Comercio Electr\u00f3nico, y del REGLAMENTO (UE) 2016\/679 DEL PARLAMENTO EUROPEO Y DEL CONSEJO de 27 de abril de 2016, le informamos: EN<\/p>\n<h2>1. Objeto.<\/h2>\n<p>www.weplan.global\/real_estate_marketing.com es un dominio en internet utilizado por DNARB AGENCY, S.L., para la promoci\u00f3n y comercializaci\u00f3n de sus productos, S.L. siendo esta sociedad la responsable del tratamiento de los datos, con domicilio social en Calle Cadarso N\u00ba 8, 28008 Madrid, tel\u00e9fono +34 603 36 23 30- 615 96 96 98, correo electr\u00f3nico hello@weplan.global y titular de CIF B-87943858. Inscrita en el Registro Mercantil de Madrid el d\u00eda 26 de octubre de 2017, n\u00famero 2017\/3483 de protocolo, asiento 207 del Diario 90, inscripci\u00f3n 1\u00aa de la hoja M-655393, al folio 91 del tomo 36481 del archivo.<br \/>\nA efectos de este documento el correo electr\u00f3nico de contacto es hello@weplan.global.<br \/>\nEste Aviso Legal regula la utilizaci\u00f3n de dicho dominio.<br \/>\nLa utilizaci\u00f3n de este sitio web implica la aceptaci\u00f3n por parte del Usuario de las condiciones de uso incluidas en este aviso como tambi\u00e9n nuestras pol\u00edticas sobre \u2018Protecci\u00f3n de Datos y Privacidad\u2019 y \u2018Pol\u00edtica de uso de Cookies\u2019. En el caso de que ciertos servicios contenidos y\/o herramientas ofrecidos a trav\u00e9s de esta \u201cweb\u201d requirieran de la aplicaci\u00f3n condiciones particulares estas se pondr\u00e1n a disposici\u00f3n del Usuario.<br \/>\nPor otra parte, DNARB AGENCY, S.L. advierte que, tanto los contenidos y servicios de esta p\u00e1gina web como las propias condiciones de utilizaci\u00f3n, pueden ser modificados sin notificaci\u00f3n previa.<\/p>\n<h2>2. Condiciones de utilizaci\u00f3n.<\/h2>\n<p>El usuario queda informado, y acepta, que el acceso a la presente web no supone, en modo alguno, el inicio de una relaci\u00f3n comercial con DNARB AGENCY, S.L. De esta forma, el usuario se compromete a utilizar el sitio web, sus servicios y contenidos sin contravenir la legislaci\u00f3n vigente, la buena fe y el orden p\u00fablico.<\/p>\n<p>Queda prohibido el uso de la web, con fines il\u00edcitos o lesivos, o que, de cualquier forma, puedan causar perjuicio o impedir el normal funcionamiento del sitio web. Respecto de los contenidos de esta web, se proh\u00edbe:<\/p>\n<p>Su reproducci\u00f3n, distribuci\u00f3n o modificaci\u00f3n, total o parcial, a menos que se cuente con mi autorizaci\u00f3n como leg\u00edtimo titular;<\/p>\n<p>Cualquier vulneraci\u00f3n de los derechos del prestador o de mi como leg\u00edtimo titular;<\/p>\n<p>Su utilizaci\u00f3n para fines comerciales o publicitarios.<\/p>\n<p>En la utilizaci\u00f3n de la web, www.weplan.global\/real_estate_marketing.com el usuario se compromete a no llevar a cabo ninguna conducta que pudiera da\u00f1ar la imagen, los intereses y los derechos de DNARB AGENCY, S.L. o de terceros o que pudiera da\u00f1ar, inutilizar o sobrecargar el portal o que impidiera, de cualquier forma, la normal utilizaci\u00f3n de la web.<\/p>\n<p>No obstante, el usuario debe ser consciente de que las medidas de seguridad de los sistemas inform\u00e1ticos en Internet no son enteramente fiables y que, por tanto, DNARB AGENCY, S.L. no puede garantizar la inexistencia de malware y otros elementos que puedan producir alteraciones en los sistemas inform\u00e1ticos (software y hardware) del usuario o en sus documentos electr\u00f3nicos y ficheros contenidos en los mismos, aunque ponemos todos los medios necesarios y las medidas de seguridad oportunas para evitar la presencia de estos elementos da\u00f1inos.<\/p>\n<p>En el caso de los menores de trece a\u00f1os se requiere el consentimiento de los padres o tutores para el tratamiento de sus datos personales. En ning\u00fan caso se recabar\u00e1n del menor de edad datos relativos a la situaci\u00f3n profesional, econ\u00f3mica o a la intimidad de los otros miembros de la familia, sin el consentimiento de \u00e9stos.<\/p>\n<p>Si eres menor de trece a\u00f1os y has accedido a este sitio web sin avisar a tus padres no debes registrarte como usuario.<\/p>\n<p>DNARB AGENCY, S.L. no responde de los Enlaces (LINKS) a otras p\u00e1ginas de Internet de terceros y su existencia no implica que ASG HOMES PROPCORP, S.L.U. apruebe o acepte sus contenidos y servicios. Estas otras p\u00e1ginas web no est\u00e1n controladas por DNARB AGENCY, S.L. ni cubiertas por nuestra Pol\u00edtica de Privacidad. Si accede a otras p\u00e1ginas web utilizando los Links proporcionados, los operadores de dichos sitios web podr\u00e1n recoger su informaci\u00f3n personal. Aseg\u00farese que est\u00e1 conforme con las Pol\u00edticas de Privacidad de estas terceras p\u00e1ginas web antes de facilitar ning\u00fan tipo de informaci\u00f3n personal.<\/p>\n<p>Con car\u00e1cter general, el titular del dominio, excluye su responsabilidad por los da\u00f1os y perjuicios de cualquier naturaleza e \u00edndole que pudieran derivarse del uso del sitio web de, as\u00ed como a los da\u00f1os y perjuicios derivados de la infracci\u00f3n de los derechos de propiedad Intelectual e Industrial por parte de los usuarios y\/o la falta de veracidad, exactitud, y actualidad de los contenidos, ni le podr\u00e1n ser exigidas responsabilidades por la interrupci\u00f3n del servicio, inadecuado funcionamiento o imposibilidad de acceso al servicio.<\/p>\n<p>DNARB AGENCY, S.L. no ser\u00e1 responsable por los da\u00f1os y perjuicios causados por la presencia de virus o cualquier otro software lesivo que pueda producir alteraciones en el sistema inform\u00e1tico del Usuario.<\/p>\n<p>El sitio web, incluyendo a t\u00edtulo enunciativo pero no limitativo, su programaci\u00f3n, dise\u00f1os, logotipos, texto y\/o gr\u00e1ficos son propiedad del prestador o en su caso dispone de licencia o autorizaci\u00f3n expresa por parte de los autores.<\/p>\n<p>Independientemente de la finalidad para la que fueran destinados, la reproducci\u00f3n total o parcial, uso, explotaci\u00f3n, distribuci\u00f3n y comercializaci\u00f3n, requiere en todo caso de la autorizaci\u00f3n escrita previa por parte del titular del dominio.<\/p>\n<p>El usuario se compromete a no realizar ning\u00fan acto en contra de los derechos de propiedad intelectual o industrial del autor.<\/p>\n<p>El prestador autoriza expresamente a que terceros puedan redirigir directamente a los contenidos concretos del sitio web, debiendo en todo caso redirigir al sitio web principal del prestador.<\/p>\n<p>Los datos personales comunicados por el usuario a DNARB AGENCY, S.L., pueden ser almacenados en bases de datos automatizadas o no, cuya titularidad corresponde en exclusiva a DNARB AGENCY, S.L., asumiendo \u00e9sta todas las medidas de \u00edndole t\u00e9cnica, organizativa y de seguridad que garantizan la confidencialidad, integridad y calidad de la informaci\u00f3n contenida en las mismas de acuerdo con lo establecido en la normativa vigente en protecci\u00f3n de datos.<\/p>\n<p>DNARB AGENCY, S.L. se compromete en el uso y tratamiento de los datos incluidos personales de los usuarios, respetando su confidencialidad y a utilizarlos de acuerdo con la finalidad de los mismos, as\u00ed como a dar cumplimiento a su obligaci\u00f3n de guardarlos y adaptar todas las medidas para evitar la alteraci\u00f3n, p\u00e9rdida, tratamiento o acceso no autorizado, de conformidad con lo establecido en la normativa vigente de protecci\u00f3n de datos.<\/p>\n<p>DNARB AGENCY, S.L. no puede garantizar la absoluta impugnabilidad de la red Internet y por tanto la violaci\u00f3n de los datos mediante accesos fraudulentos a ellos por parte de terceros.<\/p>\n<p>Con respecto a la confidencialidad del procesamiento, DNARB AGENCY, S.L. se asegurar\u00e1 de que cualquier persona que est\u00e9 autorizada para procesar los datos del cliente (incluido su personal, colaboradores y prestadores), estar\u00e1 bajo la obligaci\u00f3n apropiada de confidencialidad (ya sea un deber contractual o legal).<\/p>\n<p>Cuando se presente alg\u00fan incidente de seguridad, al darse cuenta DNARB AGENCY, S.L., deber\u00e1 notificar al cliente sin demoras indebidas y deber\u00e1 proporcionar informaci\u00f3n oportuna relacionada con el Incidente de Seguridad tal como se conozca o cuando el cliente lo solicite razonablemente.<\/p>\n<h2>3. Uso de cookies y pol\u00edtica de protecci\u00f3n de datos.<\/h2>\n<p>DNARB AGENCY, S.L. como titular de esta web declara que utiliza procedimientos autom\u00e1ticos de recogida de informaci\u00f3n para guardar el registro de los Usuarios que visitan su p\u00e1gina web. Pulsa aqu\u00ed para acceder en nuestra pol\u00edtica de uso de cookies. Pulsa aqu\u00ed para acceder en nuestra pol\u00edtica de protecci\u00f3n de datos.<\/p>\n<h2>4. Nota.<\/h2>\n<p>Durante el desarrollo del proyecto el promotor se reserva el derecho de efectuar modificaciones en la distribuci\u00f3n, dimensiones, superficies y materiales, en caso de que concurran motivos t\u00e9cnicos administrativos que as\u00ed lo justifiquen. Las precipitadas modificaciones no podr\u00e1n suponer en ning\u00fan caso disminuci\u00f3n en la calidad de los materiales. Im\u00e1genes no contractuales y meramente ilustrativas, sujetas a modificaciones por exigencias de orden t\u00e9cnico, jur\u00eddico, comercial realizadas por la Direcci\u00f3n Facultativa o autoridad competente. Las infograf\u00edas de las fachadas, elementos comunes y restantes espacios son, asimismo, orientativas y podr\u00e1n ser objetivo de variaci\u00f3n o modificaci\u00f3n en los proyectos t\u00e9cnicos. El mobiliario de las infograf\u00edas interiores no forma parte de los muebles objeto de comercializaci\u00f3n y el equipamiento de las viviendas ser\u00e1 el indicado en la correspondiente memoria de calidades.<\/p>\n<h2>5. Legislaci\u00f3n aplicable.<\/h2>\n<p>Las presentes Condiciones se regir\u00e1n en todo momento por lo dispuesto en la legislaci\u00f3n espa\u00f1ola y el REGLAMENTO (UE) 2016\/679 DEL PARLAMENTO EUROPEO Y DEL CONSEJO de 27 de abril de 2016. EN<\/p>\n<p>&nbsp;<\/p>\n","protected":false},"excerpt":{"rendered":"<p>En virtud del cumplimiento de la Ley 34\/2002, de 11 de Julio, de Servicios de la Sociedad de la Informaci\u00f3n y de Comercio Electr\u00f3nico, y del REGLAMENTO (UE) 2016\/679 DEL PARLAMENTO EUROPEO Y DEL CONSEJO de 27 de abril de 2016, le informamos: EN 1. Objeto. www.weplan.global\/real_estate_marketing.com es un dominio en internet utilizado por DNARB [&hellip;]<\/p>\n","protected":false},"author":1,"featured_media":2128,"parent":0,"menu_order":0,"comment_status":"closed","ping_status":"closed","template":"templates\/page-legal.php","meta":{"footnotes":""},"class_list":["post-2856","page","type-page","status-publish","has-post-thumbnail","hentry"],"acf":[],"yoast_head":"<!-- This site is optimized with the Yoast SEO plugin v20.4 - https:\/\/yoast.com\/wordpress\/plugins\/seo\/ -->\n<title>Legal Advice - Weplan Space<\/title>\n<meta name=\"robots\" content=\"noindex, nofollow\" \/>\n<meta property=\"og:locale\" content=\"en_US\" \/>\n<meta property=\"og:type\" content=\"article\" \/>\n<meta property=\"og:title\" content=\"Legal Advice - Weplan Space\" \/>\n<meta property=\"og:description\" content=\"En virtud del cumplimiento de la Ley 34\/2002, de 11 de Julio, de Servicios de la Sociedad de la Informaci\u00f3n y de Comercio Electr\u00f3nico, y del REGLAMENTO (UE) 2016\/679 DEL PARLAMENTO EUROPEO Y DEL CONSEJO de 27 de abril de 2016, le informamos: EN 1. Objeto. www.weplan.global\/real_estate_marketing.com es un dominio en internet utilizado por DNARB [&hellip;]\" \/>\n<meta property=\"og:url\" content=\"https:\/\/space.weplan.global\/en\/legal-advice\/\" \/>\n<meta property=\"og:site_name\" content=\"Weplan Space\" \/>\n<meta property=\"article:publisher\" content=\"https:\/\/www.facebook.com\/weplan.global\" \/>\n<meta property=\"og:image\" content=\"https:\/\/space.weplan.global\/wp-content\/uploads\/2022\/04\/200_CAM_EXT_01_V07.jpg\" \/>\n\t<meta property=\"og:image:width\" content=\"1606\" \/>\n\t<meta property=\"og:image:height\" content=\"900\" \/>\n\t<meta property=\"og:image:type\" content=\"image\/jpeg\" \/>\n<meta name=\"twitter:card\" content=\"summary_large_image\" \/>\n<meta name=\"twitter:label1\" content=\"Est. reading time\" \/>\n\t<meta name=\"twitter:data1\" content=\"8 minutes\" \/>\n<script type=\"application\/ld+json\" class=\"yoast-schema-graph\">{\"@context\":\"https:\/\/schema.org\",\"@graph\":[{\"@type\":\"WebPage\",\"@id\":\"https:\/\/space.weplan.global\/en\/legal-advice\/\",\"url\":\"https:\/\/space.weplan.global\/en\/legal-advice\/\",\"name\":\"Legal Advice - Weplan Space\",\"isPartOf\":{\"@id\":\"https:\/\/space.weplan.global\/en\/#website\"},\"datePublished\":\"2022-04-28T22:40:13+00:00\",\"dateModified\":\"2022-04-28T22:40:13+00:00\",\"breadcrumb\":{\"@id\":\"https:\/\/space.weplan.global\/en\/legal-advice\/#breadcrumb\"},\"inLanguage\":\"en-US\",\"potentialAction\":[{\"@type\":\"ReadAction\",\"target\":[\"https:\/\/space.weplan.global\/en\/legal-advice\/\"]}]},{\"@type\":\"BreadcrumbList\",\"@id\":\"https:\/\/space.weplan.global\/en\/legal-advice\/#breadcrumb\",\"itemListElement\":[{\"@type\":\"ListItem\",\"position\":1,\"name\":\"Portada\",\"item\":\"https:\/\/space.weplan.global\/en\/home\/\"},{\"@type\":\"ListItem\",\"position\":2,\"name\":\"Legal Advice\"}]},{\"@type\":\"WebSite\",\"@id\":\"https:\/\/space.weplan.global\/en\/#website\",\"url\":\"https:\/\/space.weplan.global\/en\/\",\"name\":\"Weplan Space\",\"description\":\"Coworking Madrid\",\"publisher\":{\"@id\":\"https:\/\/space.weplan.global\/en\/#organization\"},\"potentialAction\":[{\"@type\":\"SearchAction\",\"target\":{\"@type\":\"EntryPoint\",\"urlTemplate\":\"https:\/\/space.weplan.global\/en\/?s={search_term_string}\"},\"query-input\":\"required name=search_term_string\"}],\"inLanguage\":\"en-US\"},{\"@type\":\"Organization\",\"@id\":\"https:\/\/space.weplan.global\/en\/#organization\",\"name\":\"WePlan - Real Estate Marketing\",\"url\":\"https:\/\/space.weplan.global\/en\/\",\"logo\":{\"@type\":\"ImageObject\",\"inLanguage\":\"en-US\",\"@id\":\"https:\/\/space.weplan.global\/en\/#\/schema\/logo\/image\/\",\"url\":\"https:\/\/space.weplan.global\/wp-content\/uploads\/2022\/05\/Grupo-27938.png\",\"contentUrl\":\"https:\/\/space.weplan.global\/wp-content\/uploads\/2022\/05\/Grupo-27938.png\",\"width\":489,\"height\":138,\"caption\":\"WePlan - Real Estate Marketing\"},\"image\":{\"@id\":\"https:\/\/space.weplan.global\/en\/#\/schema\/logo\/image\/\"},\"sameAs\":[\"https:\/\/www.facebook.com\/weplan.global\",\"https:\/\/www.instagram.com\/weplan.global\/\"]}]}<\/script>\n<!-- \/ Yoast SEO plugin. -->","yoast_head_json":{"title":"Legal Advice - Weplan Space","robots":{"index":"noindex","follow":"nofollow"},"og_locale":"en_US","og_type":"article","og_title":"Legal Advice - Weplan Space","og_description":"En virtud del cumplimiento de la Ley 34\/2002, de 11 de Julio, de Servicios de la Sociedad de la Informaci\u00f3n y de Comercio Electr\u00f3nico, y del REGLAMENTO (UE) 2016\/679 DEL PARLAMENTO EUROPEO Y DEL CONSEJO de 27 de abril de 2016, le informamos: EN 1. Objeto. www.weplan.global\/real_estate_marketing.com es un dominio en internet utilizado por DNARB [&hellip;]","og_url":"https:\/\/space.weplan.global\/en\/legal-advice\/","og_site_name":"Weplan Space","article_publisher":"https:\/\/www.facebook.com\/weplan.global","og_image":[{"width":1606,"height":900,"url":"https:\/\/space.weplan.global\/wp-content\/uploads\/2022\/04\/200_CAM_EXT_01_V07.jpg","type":"image\/jpeg"}],"twitter_card":"summary_large_image","twitter_misc":{"Est. reading time":"8 minutes"},"schema":{"@context":"https:\/\/schema.org","@graph":[{"@type":"WebPage","@id":"https:\/\/space.weplan.global\/en\/legal-advice\/","url":"https:\/\/space.weplan.global\/en\/legal-advice\/","name":"Legal Advice - Weplan Space","isPartOf":{"@id":"https:\/\/space.weplan.global\/en\/#website"},"datePublished":"2022-04-28T22:40:13+00:00","dateModified":"2022-04-28T22:40:13+00:00","breadcrumb":{"@id":"https:\/\/space.weplan.global\/en\/legal-advice\/#breadcrumb"},"inLanguage":"en-US","potentialAction":[{"@type":"ReadAction","target":["https:\/\/space.weplan.global\/en\/legal-advice\/"]}]},{"@type":"BreadcrumbList","@id":"https:\/\/space.weplan.global\/en\/legal-advice\/#breadcrumb","itemListElement":[{"@type":"ListItem","position":1,"name":"Portada","item":"https:\/\/space.weplan.global\/en\/home\/"},{"@type":"ListItem","position":2,"name":"Legal Advice"}]},{"@type":"WebSite","@id":"https:\/\/space.weplan.global\/en\/#website","url":"https:\/\/space.weplan.global\/en\/","name":"Weplan Space","description":"Coworking Madrid","publisher":{"@id":"https:\/\/space.weplan.global\/en\/#organization"},"potentialAction":[{"@type":"SearchAction","target":{"@type":"EntryPoint","urlTemplate":"https:\/\/space.weplan.global\/en\/?s={search_term_string}"},"query-input":"required name=search_term_string"}],"inLanguage":"en-US"},{"@type":"Organization","@id":"https:\/\/space.weplan.global\/en\/#organization","name":"WePlan - Real Estate Marketing","url":"https:\/\/space.weplan.global\/en\/","logo":{"@type":"ImageObject","inLanguage":"en-US","@id":"https:\/\/space.weplan.global\/en\/#\/schema\/logo\/image\/","url":"https:\/\/space.weplan.global\/wp-content\/uploads\/2022\/05\/Grupo-27938.png","contentUrl":"https:\/\/space.weplan.global\/wp-content\/uploads\/2022\/05\/Grupo-27938.png","width":489,"height":138,"caption":"WePlan - Real Estate Marketing"},"image":{"@id":"https:\/\/space.weplan.global\/en\/#\/schema\/logo\/image\/"},"sameAs":["https:\/\/www.facebook.com\/weplan.global","https:\/\/www.instagram.com\/weplan.global\/"]}]}},"_links":{"self":[{"href":"https:\/\/space.weplan.global\/en\/wp-json\/wp\/v2\/pages\/2856","targetHints":{"allow":["GET"]}}],"collection":[{"href":"https:\/\/space.weplan.global\/en\/wp-json\/wp\/v2\/pages"}],"about":[{"href":"https:\/\/space.weplan.global\/en\/wp-json\/wp\/v2\/types\/page"}],"author":[{"embeddable":true,"href":"https:\/\/space.weplan.global\/en\/wp-json\/wp\/v2\/users\/1"}],"replies":[{"embeddable":true,"href":"https:\/\/space.weplan.global\/en\/wp-json\/wp\/v2\/comments?post=2856"}],"version-history":[{"count":0,"href":"https:\/\/space.weplan.global\/en\/wp-json\/wp\/v2\/pages\/2856\/revisions"}],"wp:featuredmedia":[{"embeddable":true,"href":"https:\/\/space.weplan.global\/en\/wp-json\/wp\/v2\/media\/2128"}],"wp:attachment":[{"href":"https:\/\/space.weplan.global\/en\/wp-json\/wp\/v2\/media?parent=2856"}],"curies":[{"name":"wp","href":"https:\/\/api.w.org\/{rel}","templated":true}]}}